{"id":4109,"date":"2024-05-08T11:34:12","date_gmt":"2024-05-08T09:34:12","guid":{"rendered":"https:\/\/diantoreedquintet.com\/?page_id=4109"},"modified":"2024-09-19T19:30:32","modified_gmt":"2024-09-19T17:30:32","slug":"pour-la-posterite","status":"publish","type":"page","link":"https:\/\/diantoreedquintet.com\/es\/pour-la-posterite\/","title":{"rendered":"Pour la Post\u00e9rit\u00e9"},"content":{"rendered":"<div data-elementor-type=\"wp-page\" data-elementor-id=\"4109\" class=\"elementor elementor-4109\" data-elementor-settings=\"{&quot;ha_cmc_init_switcher&quot;:&quot;no&quot;}\">\n\t\t\t\t\t\t<section class=\"elementor-section elementor-top-section elementor-element elementor-element-79a797be elementor-section-content-space-between elementor-section-boxed elementor-section-height-default elementor-section-height-default\" data-id=\"79a797be\" data-element_type=\"section\" data-e-type=\"section\" data-settings=\"{&quot;background_background&quot;:&quot;classic&quot;,&quot;_ha_eqh_enable&quot;:false}\">\n\t\t\t\t\t\t<div class=\"elementor-container elementor-column-gap-narrow\">\n\t\t\t\t\t<div class=\"elementor-column elementor-col-100 elementor-top-column elementor-element elementor-element-22ab59a4\" data-id=\"22ab59a4\" data-element_type=\"column\" data-e-type=\"column\">\n\t\t\t<div class=\"elementor-widget-wrap elementor-element-populated\">\n\t\t\t\t\t\t<div class=\"elementor-element elementor-element-2f98f45f e-transform elementor-widget elementor-widget-heading\" data-id=\"2f98f45f\" data-element_type=\"widget\" data-e-type=\"widget\" data-settings=\"{&quot;_animation&quot;:&quot;none&quot;,&quot;_transform_translateX_effect&quot;:{&quot;unit&quot;:&quot;px&quot;,&quot;size&quot;:&quot;&quot;,&quot;sizes&quot;:[]},&quot;_transform_translateX_effect_tablet&quot;:{&quot;unit&quot;:&quot;px&quot;,&quot;size&quot;:&quot;&quot;,&quot;sizes&quot;:[]},&quot;_transform_translateX_effect_mobile&quot;:{&quot;unit&quot;:&quot;px&quot;,&quot;size&quot;:&quot;&quot;,&quot;sizes&quot;:[]},&quot;_transform_translateY_effect&quot;:{&quot;unit&quot;:&quot;px&quot;,&quot;size&quot;:&quot;&quot;,&quot;sizes&quot;:[]},&quot;_transform_translateY_effect_tablet&quot;:{&quot;unit&quot;:&quot;px&quot;,&quot;size&quot;:&quot;&quot;,&quot;sizes&quot;:[]},&quot;_transform_translateY_effect_mobile&quot;:{&quot;unit&quot;:&quot;px&quot;,&quot;size&quot;:&quot;&quot;,&quot;sizes&quot;:[]}}\" data-widget_type=\"heading.default\">\n\t\t\t\t<div class=\"elementor-widget-container\">\n\t\t\t\t\t<h2 class=\"elementor-heading-title elementor-size-large\">Pour la Post\u00e9rit\u00e9<\/h2>\t\t\t\t<\/div>\n\t\t\t\t<\/div>\n\t\t\t\t<div class=\"elementor-element elementor-element-6eff9f8b elementor-widget elementor-widget-text-editor\" data-id=\"6eff9f8b\" data-element_type=\"widget\" data-e-type=\"widget\" data-settings=\"{&quot;_animation&quot;:&quot;none&quot;}\" data-widget_type=\"text-editor.default\">\n\t\t\t\t<div class=\"elementor-widget-container\">\n\t\t\t\t\t\t\t\t\t<p><em>Pour la Post\u00e9rit\u00e9<\/em> conecta dos disciplinas, la m\u00fasica y las artes visuales; \u00cdgor Stravinsky y Pablo Picasso.<\/p>\t\t\t\t\t\t\t\t<\/div>\n\t\t\t\t<\/div>\n\t\t\t\t\t<\/div>\n\t\t<\/div>\n\t\t\t\t\t<\/div>\n\t\t<\/section>\n\t\t\t\t<section class=\"elementor-section elementor-top-section elementor-element elementor-element-158be353 elementor-section-stretched elementor-section-full_width elementor-section-height-default elementor-section-height-default\" data-id=\"158be353\" data-element_type=\"section\" data-e-type=\"section\" data-settings=\"{&quot;background_background&quot;:&quot;classic&quot;,&quot;stretch_section&quot;:&quot;section-stretched&quot;,&quot;_ha_eqh_enable&quot;:false}\">\n\t\t\t\t\t\t<div class=\"elementor-container elementor-column-gap-no\">\n\t\t\t\t\t<div class=\"elementor-column elementor-col-100 elementor-top-column elementor-element elementor-element-7a8ff163\" data-id=\"7a8ff163\" data-element_type=\"column\" data-e-type=\"column\">\n\t\t\t<div class=\"elementor-widget-wrap elementor-element-populated\">\n\t\t\t\t\t\t<div class=\"elementor-element elementor-element-1f99595b elementor-widget__width-inherit elementor-widget elementor-widget-ha-slider happy-addon ha-slider\" data-id=\"1f99595b\" data-element_type=\"widget\" data-e-type=\"widget\" data-settings=\"{&quot;animation_speed&quot;:300,&quot;autoplay&quot;:&quot;yes&quot;,&quot;autoplay_speed&quot;:3000,&quot;loop&quot;:&quot;yes&quot;,&quot;slides_transition&quot;:&quot;slide&quot;,&quot;navigation&quot;:&quot;arrow&quot;}\" data-widget_type=\"ha-slider.default\">\n\t\t\t\t<div class=\"elementor-widget-container\">\n\t\t\t\t\t\n\t\t<div class=\"hajs-slick ha-slick ha-slick--slider\">\n\n\t\t\t\n\t\t\t\t<div class=\"ha-slick-slide slick-slide\">\n\t\t\t\t\t<div class=\"ha-slick-item\">\n\t\t\t\t\t\t\t\t\t\t\t\t\t<img decoding=\"async\" class=\"ha-slick-img\" src=\"https:\/\/diantoreedquintet.com\/wp-content\/uploads\/2024\/05\/20231205_DiantoReedQuintet_JessieKamp_018.jpg\" alt=\"\">\n\t\t\t\t\t\t\n\t\t\t\t\t\t\t\t\t\t\t<\/div>\n\t\t\t\t<\/div>\n\n\t\t\t\n\t\t<\/div>\n\n\t\t\n\t\t\n\t\t\t\t\t\t<\/div>\n\t\t\t\t<\/div>\n\t\t\t\t\t<\/div>\n\t\t<\/div>\n\t\t\t\t\t<\/div>\n\t\t<\/section>\n\t\t\t\t<section class=\"elementor-section elementor-top-section elementor-element elementor-element-6a06b82 elementor-section-boxed elementor-section-height-default elementor-section-height-default\" data-id=\"6a06b82\" data-element_type=\"section\" data-e-type=\"section\" data-settings=\"{&quot;background_background&quot;:&quot;classic&quot;,&quot;_ha_eqh_enable&quot;:false}\">\n\t\t\t\t\t\t<div class=\"elementor-container elementor-column-gap-default\">\n\t\t\t\t\t<div class=\"elementor-column elementor-col-100 elementor-top-column elementor-element elementor-element-11b2dec\" data-id=\"11b2dec\" data-element_type=\"column\" data-e-type=\"column\">\n\t\t\t<div class=\"elementor-widget-wrap elementor-element-populated\">\n\t\t\t\t\t\t<div class=\"elementor-element elementor-element-c10f18b elementor-widget__width-initial elementor-widget elementor-widget-text-editor\" data-id=\"c10f18b\" data-element_type=\"widget\" data-e-type=\"widget\" data-widget_type=\"text-editor.default\">\n\t\t\t\t<div class=\"elementor-widget-container\">\n\t\t\t\t\t\t\t\t\t<p>Para una mejor experiencia, puedes descargar el programa completo en el idioma de tu elecci\u00f3n.\u00a0<\/p><p>\u00a0<\/p><p><a href=\"https:\/\/diantoreedquintet.com\/es\/Booklet%20_NL.pdf\/\"><strong>NEDERLANDS<\/strong><\/a><\/p><p><a href=\"https:\/\/diantoreedquintet.com\/Booklet_EN1.pdf\"><strong>ENGLISH<\/strong><\/a><\/p><p><a href=\"https:\/\/diantoreedquintet.com\/Booklet_ES1.pdf\"><strong>ESPA\u00d1OL<\/strong><\/a><\/p>\t\t\t\t\t\t\t\t<\/div>\n\t\t\t\t<\/div>\n\t\t\t\t\t<\/div>\n\t\t<\/div>\n\t\t\t\t\t<\/div>\n\t\t<\/section>\n\t\t\t\t<section class=\"elementor-section elementor-top-section elementor-element elementor-element-03807d2 elementor-section-stretched elementor-section-full_width elementor-section-height-default elementor-section-height-default\" data-id=\"03807d2\" data-element_type=\"section\" data-e-type=\"section\" data-settings=\"{&quot;background_background&quot;:&quot;classic&quot;,&quot;stretch_section&quot;:&quot;section-stretched&quot;,&quot;_ha_eqh_enable&quot;:false}\">\n\t\t\t\t\t\t<div class=\"elementor-container elementor-column-gap-no\">\n\t\t\t\t\t<div class=\"elementor-column elementor-col-100 elementor-top-column elementor-element elementor-element-2318084\" data-id=\"2318084\" data-element_type=\"column\" data-e-type=\"column\">\n\t\t\t<div class=\"elementor-widget-wrap elementor-element-populated\">\n\t\t\t\t\t\t<div class=\"elementor-element elementor-element-c8e316f elementor-widget__width-inherit elementor-widget elementor-widget-ha-slider happy-addon ha-slider\" data-id=\"c8e316f\" data-element_type=\"widget\" data-e-type=\"widget\" data-settings=\"{&quot;animation_speed&quot;:300,&quot;autoplay&quot;:&quot;yes&quot;,&quot;autoplay_speed&quot;:3000,&quot;loop&quot;:&quot;yes&quot;,&quot;slides_transition&quot;:&quot;slide&quot;,&quot;navigation&quot;:&quot;arrow&quot;}\" data-widget_type=\"ha-slider.default\">\n\t\t\t\t<div class=\"elementor-widget-container\">\n\t\t\t\t\t\n\t\t<div class=\"hajs-slick ha-slick ha-slick--slider\">\n\n\t\t\t\n\t\t\t\t<div class=\"ha-slick-slide slick-slide\">\n\t\t\t\t\t<div class=\"ha-slick-item\">\n\t\t\t\t\t\t\t\t\t\t\t\t\t<img decoding=\"async\" class=\"ha-slick-img\" src=\"https:\/\/diantoreedquintet.com\/wp-content\/uploads\/2024\/09\/Captura-de-pantalla-2024-09-19-a-las-19.27.45.png\" alt=\"\">\n\t\t\t\t\t\t\n\t\t\t\t\t\t\t\t\t\t\t<\/div>\n\t\t\t\t<\/div>\n\n\t\t\t\n\t\t<\/div>\n\n\t\t\n\t\t\n\t\t\t\t\t\t<\/div>\n\t\t\t\t<\/div>\n\t\t\t\t\t<\/div>\n\t\t<\/div>\n\t\t\t\t\t<\/div>\n\t\t<\/section>\n\t\t\t\t<section class=\"elementor-section elementor-top-section elementor-element elementor-element-6980e53d elementor-section-boxed elementor-section-height-default elementor-section-height-default\" data-id=\"6980e53d\" data-element_type=\"section\" data-e-type=\"section\" data-settings=\"{&quot;background_background&quot;:&quot;classic&quot;,&quot;_ha_eqh_enable&quot;:false}\">\n\t\t\t\t\t\t<div class=\"elementor-container elementor-column-gap-default\">\n\t\t\t\t\t<div class=\"elementor-column elementor-col-100 elementor-top-column elementor-element elementor-element-74a74f5\" data-id=\"74a74f5\" data-element_type=\"column\" data-e-type=\"column\">\n\t\t\t<div class=\"elementor-widget-wrap elementor-element-populated\">\n\t\t\t\t\t\t<div class=\"elementor-element elementor-element-328bbf42 elementor-widget elementor-widget-heading\" data-id=\"328bbf42\" data-element_type=\"widget\" data-e-type=\"widget\" data-widget_type=\"heading.default\">\n\t\t\t\t<div class=\"elementor-widget-container\">\n\t\t\t\t\t<h4 class=\"elementor-heading-title elementor-size-large\">S\u00edguenos<\/h4>\t\t\t\t<\/div>\n\t\t\t\t<\/div>\n\t\t\t\t<div class=\"elementor-element elementor-element-17373d0 elementor-shape-circle elementor-grid-4 animated-slow e-grid-align-center elementor-invisible elementor-widget elementor-widget-social-icons\" data-id=\"17373d0\" data-element_type=\"widget\" data-e-type=\"widget\" data-settings=\"{&quot;_animation&quot;:&quot;fadeIn&quot;}\" data-widget_type=\"social-icons.default\">\n\t\t\t\t<div class=\"elementor-widget-container\">\n\t\t\t\t\t\t\t<div class=\"elementor-social-icons-wrapper elementor-grid\" role=\"list\">\n\t\t\t\t\t\t\t<span class=\"elementor-grid-item\" role=\"listitem\">\n\t\t\t\t\t<a class=\"elementor-icon elementor-social-icon elementor-social-icon-facebook elementor-animation-grow elementor-repeater-item-1007f4f\" href=\"https:\/\/www.facebook.com\/diantoreedquintet\" target=\"_blank\">\n\t\t\t\t\t\t<span class=\"elementor-screen-only\">Facebook<\/span>\n\t\t\t\t\t\t<i aria-hidden=\"true\" class=\"fab fa-facebook\"><\/i>\t\t\t\t\t<\/a>\n\t\t\t\t<\/span>\n\t\t\t\t\t\t\t<span class=\"elementor-grid-item\" role=\"listitem\">\n\t\t\t\t\t<a class=\"elementor-icon elementor-social-icon elementor-social-icon-youtube elementor-animation-grow elementor-repeater-item-548a606\" href=\"https:\/\/www.youtube.com\/channel\/UCXFlbrvruxDjuzBPiy2ckZw\" target=\"_blank\">\n\t\t\t\t\t\t<span class=\"elementor-screen-only\">YouTube<\/span>\n\t\t\t\t\t\t<i aria-hidden=\"true\" class=\"fab fa-youtube\"><\/i>\t\t\t\t\t<\/a>\n\t\t\t\t<\/span>\n\t\t\t\t\t\t\t<span class=\"elementor-grid-item\" role=\"listitem\">\n\t\t\t\t\t<a class=\"elementor-icon elementor-social-icon elementor-social-icon-instagram elementor-animation-grow elementor-repeater-item-5b05135\" href=\"https:\/\/www.instagram.com\/diantoreedquintet\/?hl=es\" target=\"_blank\">\n\t\t\t\t\t\t<span class=\"elementor-screen-only\">Instagram<\/span>\n\t\t\t\t\t\t<i aria-hidden=\"true\" class=\"fab fa-instagram\"><\/i>\t\t\t\t\t<\/a>\n\t\t\t\t<\/span>\n\t\t\t\t\t<\/div>\n\t\t\t\t\t\t<\/div>\n\t\t\t\t<\/div>\n\t\t\t\t\t<\/div>\n\t\t<\/div>\n\t\t\t\t\t<\/div>\n\t\t<\/section>\n\t\t\t\t<\/div>","protected":false},"excerpt":{"rendered":"<p>Pour la Post\u00e9rit\u00e9 Pour la Post\u00e9rit\u00e9 conecta dos disciplinas, la m\u00fasica y las artes visuales; Igor Stravinsky y Pablo Picasso. Para una mejor experiencia, puedes descargar el programa completo en el idioma de tu elecci\u00f3n. NEDERLANDS ENGLISH ESPA\u00d1OL S\u00edguenos Facebook Youtube Instagram<\/p>","protected":false},"author":3,"featured_media":0,"parent":0,"menu_order":0,"comment_status":"closed","ping_status":"closed","template":"","meta":{"_monsterinsights_skip_tracking":false,"_monsterinsights_sitenote_active":false,"_monsterinsights_sitenote_note":"","_monsterinsights_sitenote_category":0,"site-sidebar-layout":"no-sidebar","site-content-layout":"page-builder","ast-site-content-layout":"full-width-container","site-content-style":"unboxed","site-sidebar-style":"unboxed","ast-global-header-display":"","ast-banner-title-visibility":"","ast-main-header-display":"","ast-hfb-above-header-display":"","ast-hfb-below-header-display":"","ast-hfb-mobile-header-display":"","site-post-title":"disabled","ast-breadcrumbs-content":"","ast-featured-img":"disabled","footer-sml-layout":"","theme-transparent-header-meta":"default","adv-header-id-meta":"","stick-header-meta":"","header-above-stick-meta":"","header-main-stick-meta":"","header-below-stick-meta":"","astra-migrate-meta-layouts":"set","ast-page-background-enabled":"default","ast-page-background-meta":{"desktop":{"background-color":"","background-image":"","background-repeat":"repeat","background-position":"center center","background-size":"auto","background-attachment":"scroll","background-type":"","background-media":"","overlay-type":"","overlay-color":"","overlay-gradient":""},"tablet":{"background-color":"","background-image":"","background-repeat":"repeat","background-position":"center center","background-size":"auto","background-attachment":"scroll","background-type":"","background-media":"","overlay-type":"","overlay-color":"","overlay-gradient":""},"mobile":{"background-color":"","background-image":"","background-repeat":"repeat","background-position":"center center","background-size":"auto","background-attachment":"scroll","background-type":"","background-media":"","overlay-type":"","overlay-color":"","overlay-gradient":""}},"ast-content-background-meta":{"desktop":{"background-color":"var(--ast-global-color-5)","background-image":"","background-repeat":"repeat","background-position":"center center","background-size":"auto","background-attachment":"scroll","background-type":"","background-media":"","overlay-type":"","overlay-color":"","overlay-gradient":""},"tablet":{"background-color":"var(--ast-global-color-5)","background-image":"","background-repeat":"repeat","background-position":"center center","background-size":"auto","background-attachment":"scroll","background-type":"","background-media":"","overlay-type":"","overlay-color":"","overlay-gradient":""},"mobile":{"background-color":"var(--ast-global-color-5)","background-image":"","background-repeat":"repeat","background-position":"center center","background-size":"auto","background-attachment":"scroll","background-type":"","background-media":"","overlay-type":"","overlay-color":"","overlay-gradient":""}},"footnotes":""},"class_list":["post-4109","page","type-page","status-publish","hentry"],"yoast_head":"<!-- This site is optimized with the Yoast SEO plugin v27.3 - https:\/\/yoast.com\/product\/yoast-seo-wordpress\/ -->\n<title>Pour la Post\u00e9rit\u00e9 -<\/title>\n<meta name=\"robots\" content=\"noindex, follow\" \/>\n<meta property=\"og:locale\" content=\"es_ES\" \/>\n<meta property=\"og:type\" content=\"article\" \/>\n<meta property=\"og:title\" content=\"Pour la Post\u00e9rit\u00e9 -\" \/>\n<meta property=\"og:description\" content=\"Pour la Post\u00e9rit\u00e9 Pour la Post\u00e9rit\u00e9 connects two disciplines, music and visual arts; Igor Stravinsky and Pablo Picasso. For a better experience, you can download the complete program in a language of your choice.\u00a0 \u00a0 NEDERLANDS ENGLISH ESPA\u00d1OL Follow us Facebook Youtube Instagram\" \/>\n<meta property=\"og:url\" content=\"https:\/\/diantoreedquintet.com\/es\/pour-la-posterite\/\" \/>\n<meta property=\"article:modified_time\" content=\"2024-09-19T17:30:32+00:00\" \/>\n<meta property=\"og:image\" content=\"https:\/\/diantoreedquintet.com\/wp-content\/uploads\/2024\/05\/20231205_DiantoReedQuintet_JessieKamp_018.jpg\" \/>\n<meta name=\"twitter:card\" content=\"summary_large_image\" \/>\n<meta name=\"twitter:label1\" content=\"Tiempo de lectura\" \/>\n\t<meta name=\"twitter:data1\" content=\"1 minuto\" \/>\n<script type=\"application\/ld+json\" class=\"yoast-schema-graph\">{\"@context\":\"https:\\\/\\\/schema.org\",\"@graph\":[{\"@type\":\"WebPage\",\"@id\":\"https:\\\/\\\/diantoreedquintet.com\\\/pour-la-posterite\\\/\",\"url\":\"https:\\\/\\\/diantoreedquintet.com\\\/pour-la-posterite\\\/\",\"name\":\"Pour la Post\u00e9rit\u00e9 -\",\"isPartOf\":{\"@id\":\"https:\\\/\\\/diantoreedquintet.com\\\/#website\"},\"primaryImageOfPage\":{\"@id\":\"https:\\\/\\\/diantoreedquintet.com\\\/pour-la-posterite\\\/#primaryimage\"},\"image\":{\"@id\":\"https:\\\/\\\/diantoreedquintet.com\\\/pour-la-posterite\\\/#primaryimage\"},\"thumbnailUrl\":\"https:\\\/\\\/diantoreedquintet.com\\\/wp-content\\\/uploads\\\/2024\\\/05\\\/20231205_DiantoReedQuintet_JessieKamp_018.jpg\",\"datePublished\":\"2024-05-08T09:34:12+00:00\",\"dateModified\":\"2024-09-19T17:30:32+00:00\",\"breadcrumb\":{\"@id\":\"https:\\\/\\\/diantoreedquintet.com\\\/pour-la-posterite\\\/#breadcrumb\"},\"inLanguage\":\"es\",\"potentialAction\":[{\"@type\":\"ReadAction\",\"target\":[\"https:\\\/\\\/diantoreedquintet.com\\\/pour-la-posterite\\\/\"]}]},{\"@type\":\"ImageObject\",\"inLanguage\":\"es\",\"@id\":\"https:\\\/\\\/diantoreedquintet.com\\\/pour-la-posterite\\\/#primaryimage\",\"url\":\"https:\\\/\\\/diantoreedquintet.com\\\/wp-content\\\/uploads\\\/2024\\\/05\\\/20231205_DiantoReedQuintet_JessieKamp_018.jpg\",\"contentUrl\":\"https:\\\/\\\/diantoreedquintet.com\\\/wp-content\\\/uploads\\\/2024\\\/05\\\/20231205_DiantoReedQuintet_JessieKamp_018.jpg\"},{\"@type\":\"BreadcrumbList\",\"@id\":\"https:\\\/\\\/diantoreedquintet.com\\\/pour-la-posterite\\\/#breadcrumb\",\"itemListElement\":[{\"@type\":\"ListItem\",\"position\":1,\"name\":\"Home\",\"item\":\"https:\\\/\\\/diantoreedquintet.com\\\/\"},{\"@type\":\"ListItem\",\"position\":2,\"name\":\"Pour la Post\u00e9rit\u00e9\"}]},{\"@type\":\"WebSite\",\"@id\":\"https:\\\/\\\/diantoreedquintet.com\\\/#website\",\"url\":\"https:\\\/\\\/diantoreedquintet.com\\\/\",\"name\":\"\",\"description\":\"Dianto Reed Quintet\",\"potentialAction\":[{\"@type\":\"SearchAction\",\"target\":{\"@type\":\"EntryPoint\",\"urlTemplate\":\"https:\\\/\\\/diantoreedquintet.com\\\/?s={search_term_string}\"},\"query-input\":{\"@type\":\"PropertyValueSpecification\",\"valueRequired\":true,\"valueName\":\"search_term_string\"}}],\"inLanguage\":\"es\"}]}<\/script>\n<!-- \/ Yoast SEO plugin. -->","yoast_head_json":{"title":"Para la posteridad -","robots":{"index":"noindex","follow":"follow"},"og_locale":"es_ES","og_type":"article","og_title":"Pour la Post\u00e9rit\u00e9 -","og_description":"Pour la Post\u00e9rit\u00e9 Pour la Post\u00e9rit\u00e9 connects two disciplines, music and visual arts; Igor Stravinsky and Pablo Picasso. For a better experience, you can download the complete program in a language of your choice.\u00a0 \u00a0 NEDERLANDS ENGLISH ESPA\u00d1OL Follow us Facebook Youtube Instagram","og_url":"https:\/\/diantoreedquintet.com\/es\/pour-la-posterite\/","article_modified_time":"2024-09-19T17:30:32+00:00","og_image":[{"url":"https:\/\/diantoreedquintet.com\/wp-content\/uploads\/2024\/05\/20231205_DiantoReedQuintet_JessieKamp_018.jpg","type":"","width":"","height":""}],"twitter_card":"summary_large_image","twitter_misc":{"Tiempo de lectura":"1 minuto"},"schema":{"@context":"https:\/\/schema.org","@graph":[{"@type":"WebPage","@id":"https:\/\/diantoreedquintet.com\/pour-la-posterite\/","url":"https:\/\/diantoreedquintet.com\/pour-la-posterite\/","name":"Para la posteridad -","isPartOf":{"@id":"https:\/\/diantoreedquintet.com\/#website"},"primaryImageOfPage":{"@id":"https:\/\/diantoreedquintet.com\/pour-la-posterite\/#primaryimage"},"image":{"@id":"https:\/\/diantoreedquintet.com\/pour-la-posterite\/#primaryimage"},"thumbnailUrl":"https:\/\/diantoreedquintet.com\/wp-content\/uploads\/2024\/05\/20231205_DiantoReedQuintet_JessieKamp_018.jpg","datePublished":"2024-05-08T09:34:12+00:00","dateModified":"2024-09-19T17:30:32+00:00","breadcrumb":{"@id":"https:\/\/diantoreedquintet.com\/pour-la-posterite\/#breadcrumb"},"inLanguage":"es","potentialAction":[{"@type":"ReadAction","target":["https:\/\/diantoreedquintet.com\/pour-la-posterite\/"]}]},{"@type":"ImageObject","inLanguage":"es","@id":"https:\/\/diantoreedquintet.com\/pour-la-posterite\/#primaryimage","url":"https:\/\/diantoreedquintet.com\/wp-content\/uploads\/2024\/05\/20231205_DiantoReedQuintet_JessieKamp_018.jpg","contentUrl":"https:\/\/diantoreedquintet.com\/wp-content\/uploads\/2024\/05\/20231205_DiantoReedQuintet_JessieKamp_018.jpg"},{"@type":"BreadcrumbList","@id":"https:\/\/diantoreedquintet.com\/pour-la-posterite\/#breadcrumb","itemListElement":[{"@type":"ListItem","position":1,"name":"Home","item":"https:\/\/diantoreedquintet.com\/"},{"@type":"ListItem","position":2,"name":"Pour la Post\u00e9rit\u00e9"}]},{"@type":"WebSite","@id":"https:\/\/diantoreedquintet.com\/#website","url":"https:\/\/diantoreedquintet.com\/","name":"","description":"Dianto Reed Quintet","potentialAction":[{"@type":"SearchAction","target":{"@type":"EntryPoint","urlTemplate":"https:\/\/diantoreedquintet.com\/?s={search_term_string}"},"query-input":{"@type":"PropertyValueSpecification","valueRequired":true,"valueName":"search_term_string"}}],"inLanguage":"es"}]}},"_links":{"self":[{"href":"https:\/\/diantoreedquintet.com\/es\/wp-json\/wp\/v2\/pages\/4109","targetHints":{"allow":["GET"]}}],"collection":[{"href":"https:\/\/diantoreedquintet.com\/es\/wp-json\/wp\/v2\/pages"}],"about":[{"href":"https:\/\/diantoreedquintet.com\/es\/wp-json\/wp\/v2\/types\/page"}],"author":[{"embeddable":true,"href":"https:\/\/diantoreedquintet.com\/es\/wp-json\/wp\/v2\/users\/3"}],"replies":[{"embeddable":true,"href":"https:\/\/diantoreedquintet.com\/es\/wp-json\/wp\/v2\/comments?post=4109"}],"version-history":[{"count":5,"href":"https:\/\/diantoreedquintet.com\/es\/wp-json\/wp\/v2\/pages\/4109\/revisions"}],"predecessor-version":[{"id":4655,"href":"https:\/\/diantoreedquintet.com\/es\/wp-json\/wp\/v2\/pages\/4109\/revisions\/4655"}],"wp:attachment":[{"href":"https:\/\/diantoreedquintet.com\/es\/wp-json\/wp\/v2\/media?parent=4109"}],"curies":[{"name":"gracias","href":"https:\/\/api.w.org\/{rel}","templated":true}]}}