{"id":2047,"date":"2024-02-07T16:10:16","date_gmt":"2024-02-07T15:10:16","guid":{"rendered":"https:\/\/diantoreedquintet.com\/?page_id=2047"},"modified":"2025-09-02T10:51:52","modified_gmt":"2025-09-02T08:51:52","slug":"organisatie","status":"publish","type":"page","link":"https:\/\/diantoreedquintet.com\/es\/organisatie\/","title":{"rendered":"Organizaci\u00f3n"},"content":{"rendered":"<div data-elementor-type=\"wp-page\" data-elementor-id=\"2047\" class=\"elementor elementor-2047\" data-elementor-settings=\"{&quot;ha_cmc_init_switcher&quot;:&quot;no&quot;}\">\n\t\t\t\t\t\t<section class=\"elementor-section elementor-top-section elementor-element elementor-element-aaac397 elementor-section-boxed elementor-section-height-default elementor-section-height-default\" data-id=\"aaac397\" data-element_type=\"section\" data-e-type=\"section\" data-settings=\"{&quot;_ha_eqh_enable&quot;:false}\">\n\t\t\t\t\t\t<div class=\"elementor-container elementor-column-gap-no\">\n\t\t\t\t\t<div class=\"elementor-column elementor-col-100 elementor-top-column elementor-element elementor-element-2331e6d\" data-id=\"2331e6d\" data-element_type=\"column\" data-e-type=\"column\">\n\t\t\t<div class=\"elementor-widget-wrap elementor-element-populated\">\n\t\t\t\t\t\t<div class=\"elementor-element elementor-element-7e3eb8d elementor-widget elementor-widget-heading\" data-id=\"7e3eb8d\" data-element_type=\"widget\" data-e-type=\"widget\" data-widget_type=\"heading.default\">\n\t\t\t\t<div class=\"elementor-widget-container\">\n\t\t\t\t\t<h2 class=\"elementor-heading-title elementor-size-default\">Fundaci\u00f3n Dianto Reed Quintet<\/h2>\t\t\t\t<\/div>\n\t\t\t\t<\/div>\n\t\t\t\t<div class=\"elementor-element elementor-element-67262f3 elementor-widget elementor-widget-spacer\" data-id=\"67262f3\" data-element_type=\"widget\" data-e-type=\"widget\" data-widget_type=\"spacer.default\">\n\t\t\t\t<div class=\"elementor-widget-container\">\n\t\t\t\t\t\t\t<div class=\"elementor-spacer\">\n\t\t\t<div class=\"elementor-spacer-inner\"><\/div>\n\t\t<\/div>\n\t\t\t\t\t\t<\/div>\n\t\t\t\t<\/div>\n\t\t\t\t<div class=\"elementor-element elementor-element-9a15d37 elementor-widget elementor-widget-text-editor\" data-id=\"9a15d37\" data-element_type=\"widget\" data-e-type=\"widget\" data-widget_type=\"text-editor.default\">\n\t\t\t\t<div class=\"elementor-widget-container\">\n\t\t\t\t\t\t\t\t\t<p>La Fundaci\u00f3n Dianto Reed Quintet tiene el estatus de entidad cultural <strong>ANBI<\/strong> a partir del 1 de enero de 2023.<\/p><p>Somos Dianto Reed Quintet, un quinteto de ca\u00f1as expresivo y \u00fanico al que le encanta tocar en vivo y conectar con la audiencia. Si aprecia nuestras creaciones musicales y le gustar\u00eda apoyar nuestro viaje continuo hacia la creaci\u00f3n, puede hacer una donaci\u00f3n de su elecci\u00f3n transfiriendo fondos a <span style=\"text-decoration: underline;\">Stichting Dianto Reed Quintet<\/span> al <span style=\"text-decoration: underline;\">NL38 TRIO 0320 5982 25<\/span>. <strong>No lo olvides<\/strong> mencionar <strong>&#039;<\/strong><strong>Donaci\u00f3n&#039;<\/strong> y proporcionar <strong>sus datos personales<\/strong> Me gusta tu direcci\u00f3n de correo electr\u00f3nico y tu nombre completo. Tu apoyo significa mucho y nos permite seguir creando arte.<\/p>\t\t\t\t\t\t\t\t<\/div>\n\t\t\t\t<\/div>\n\t\t\t\t<section class=\"elementor-section elementor-inner-section elementor-element elementor-element-3804a9b elementor-section-boxed elementor-section-height-default elementor-section-height-default\" data-id=\"3804a9b\" data-element_type=\"section\" data-e-type=\"section\" data-settings=\"{&quot;_ha_eqh_enable&quot;:false}\">\n\t\t\t\t\t\t<div class=\"elementor-container elementor-column-gap-default\">\n\t\t\t\t\t<div class=\"elementor-column elementor-col-50 elementor-inner-column elementor-element elementor-element-46d7fbe\" data-id=\"46d7fbe\" data-element_type=\"column\" data-e-type=\"column\">\n\t\t\t<div class=\"elementor-widget-wrap elementor-element-populated\">\n\t\t\t\t\t\t<div class=\"elementor-element elementor-element-e1243ae elementor-widget elementor-widget-heading\" data-id=\"e1243ae\" data-element_type=\"widget\" data-e-type=\"widget\" data-widget_type=\"heading.default\">\n\t\t\t\t<div class=\"elementor-widget-container\">\n\t\t\t\t\t<h5 class=\"elementor-heading-title elementor-size-default\">Informaci\u00f3n general<\/h5>\t\t\t\t<\/div>\n\t\t\t\t<\/div>\n\t\t\t\t<div class=\"elementor-element elementor-element-051b8ab elementor-widget elementor-widget-text-editor\" data-id=\"051b8ab\" data-element_type=\"widget\" data-e-type=\"widget\" data-widget_type=\"text-editor.default\">\n\t\t\t\t<div class=\"elementor-widget-container\">\n\t\t\t\t\t\t\t\t\t<p><strong>IBAN:\u00a0<\/strong>NL 38 TRIO 0320 5982 25<\/p><p><strong>RSIN:<\/strong> 8640.29.044<\/p><p><span style=\"background-color: var( --e-global-color-e167b17 );\"><b>N\u00famero de IVA<\/b><\/span><strong>:\u00a0<\/strong>NL864029044B01<\/p><p><span style=\"background-color: var( --e-global-color-e167b17 );\"><b>N\u00famero de la C\u00e1mara de Comercio<\/b><\/span><strong>:<\/strong> 86629522<\/p><p><b>Pol\u00edtica de remuneraciones: La Fundaci\u00f3n Dianto Reed Quintet es una organizaci\u00f3n sin \u00e1nimo de lucro. La junta trabaja sin remuneraci\u00f3n.<\/b><\/p>\t\t\t\t\t\t\t\t<\/div>\n\t\t\t\t<\/div>\n\t\t\t\t\t<\/div>\n\t\t<\/div>\n\t\t\t\t<div class=\"elementor-column elementor-col-50 elementor-inner-column elementor-element elementor-element-1144e60\" data-id=\"1144e60\" data-element_type=\"column\" data-e-type=\"column\">\n\t\t\t<div class=\"elementor-widget-wrap elementor-element-populated\">\n\t\t\t\t\t\t<div class=\"elementor-element elementor-element-72cd614 elementor-widget__width-inherit elementor-widget elementor-widget-shortcode\" data-id=\"72cd614\" data-element_type=\"widget\" data-e-type=\"widget\" data-widget_type=\"shortcode.default\">\n\t\t\t\t<div class=\"elementor-widget-container\">\n\t\t\t\t\t\t\t<div class=\"elementor-shortcode\"><script async\n  src=\"https:\/\/js.stripe.com\/v3\/buy-button.js\">\n<\/script>\n\n<stripe-buy-button\n  buy-button-id=\"buy_btn_1QNYbKCudtjtHWu4ocIYmI9C\"\n  publishable-key=\"pk_live_51QArKvCudtjtHWu4fF8NQ8iQLWxaLkcXkpPboSriqAol8ZSD1zlXjuD0c0GAE5Fc4wZ02N09PQ5btOIi4P58bquq00woLDAYGZ\"\n>\n<\/stripe-buy-button><\/div>\n\t\t\t\t\t\t<\/div>\n\t\t\t\t<\/div>\n\t\t\t\t\t<\/div>\n\t\t<\/div>\n\t\t\t\t\t<\/div>\n\t\t<\/section>\n\t\t\t\t\t<\/div>\n\t\t<\/div>\n\t\t\t\t\t<\/div>\n\t\t<\/section>\n\t\t\t\t<section class=\"elementor-section elementor-top-section elementor-element elementor-element-ecb6eec elementor-section-boxed elementor-section-height-default elementor-section-height-default\" data-id=\"ecb6eec\" data-element_type=\"section\" data-e-type=\"section\" data-settings=\"{&quot;_ha_eqh_enable&quot;:false}\">\n\t\t\t\t\t\t<div class=\"elementor-container elementor-column-gap-no\">\n\t\t\t\t\t<div class=\"elementor-column elementor-col-100 elementor-top-column elementor-element elementor-element-495cc24\" data-id=\"495cc24\" data-element_type=\"column\" data-e-type=\"column\">\n\t\t\t<div class=\"elementor-widget-wrap elementor-element-populated\">\n\t\t\t\t\t\t<div class=\"elementor-element elementor-element-ae3f6c0 elementor-widget elementor-widget-heading\" data-id=\"ae3f6c0\" data-element_type=\"widget\" data-e-type=\"widget\" data-widget_type=\"heading.default\">\n\t\t\t\t<div class=\"elementor-widget-container\">\n\t\t\t\t\t<h5 class=\"elementor-heading-title elementor-size-default\">Composici\u00f3n de la Junta<\/h5>\t\t\t\t<\/div>\n\t\t\t\t<\/div>\n\t\t\t\t<div class=\"elementor-element elementor-element-8c61f45 elementor-widget elementor-widget-text-editor\" data-id=\"8c61f45\" data-element_type=\"widget\" data-e-type=\"widget\" data-widget_type=\"text-editor.default\">\n\t\t\t\t<div class=\"elementor-widget-container\">\n\t\t\t\t\t\t\t\t\t<ul><li>Frank van den Brink (Presidente)<\/li><li>Hanna Schreuders (Tesorera)<\/li><li>Sebasti\u00e1n Leo Pollard (Secretario)<\/li><\/ul><p>La Fundaci\u00f3n Dianto Reed Quintet tiene el\u00a0<strong>estado de ANBI cultural<\/strong>.<\/p>\t\t\t\t\t\t\t\t<\/div>\n\t\t\t\t<\/div>\n\t\t\t\t<div class=\"elementor-element elementor-element-fa62e9d elementor-widget elementor-widget-heading\" data-id=\"fa62e9d\" data-element_type=\"widget\" data-e-type=\"widget\" data-widget_type=\"heading.default\">\n\t\t\t\t<div class=\"elementor-widget-container\">\n\t\t\t\t\t<h5 class=\"elementor-heading-title elementor-size-default\">Tarifas NORMA<\/h5>\t\t\t\t<\/div>\n\t\t\t\t<\/div>\n\t\t\t\t<div class=\"elementor-element elementor-element-6e06243 elementor-widget elementor-widget-text-editor\" data-id=\"6e06243\" data-element_type=\"widget\" data-e-type=\"widget\" data-widget_type=\"text-editor.default\">\n\t\t\t\t<div class=\"elementor-widget-container\">\n\t\t\t\t\t\t\t\t\t<p>En cuanto al salario de los m\u00fasicos, a partir de 2025, utilizaremos las tarifas de NORMA como gu\u00eda. Se mantiene una comunicaci\u00f3n transparente sobre los honorarios y las condiciones laborales.<\/p>\t\t\t\t\t\t\t\t<\/div>\n\t\t\t\t<\/div>\n\t\t\t\t<section class=\"elementor-section elementor-inner-section elementor-element elementor-element-05bcbb8 elementor-section-boxed elementor-section-height-default elementor-section-height-default\" data-id=\"05bcbb8\" data-element_type=\"section\" data-e-type=\"section\" data-settings=\"{&quot;_ha_eqh_enable&quot;:false}\">\n\t\t\t\t\t\t<div class=\"elementor-container elementor-column-gap-default\">\n\t\t\t\t\t<div class=\"elementor-column elementor-col-25 elementor-inner-column elementor-element elementor-element-7ee081e\" data-id=\"7ee081e\" data-element_type=\"column\" data-e-type=\"column\">\n\t\t\t<div class=\"elementor-widget-wrap elementor-element-populated\">\n\t\t\t\t\t\t<div class=\"elementor-element elementor-element-afa085a elementor-align-center elementor-widget elementor-widget-button\" data-id=\"afa085a\" data-element_type=\"widget\" data-e-type=\"widget\" data-widget_type=\"button.default\">\n\t\t\t\t<div class=\"elementor-widget-container\">\n\t\t\t\t\t\t\t\t\t<div class=\"elementor-button-wrapper\">\n\t\t\t\t\t<a class=\"elementor-button elementor-button-link elementor-size-xs elementor-animation-grow\" href=\"https:\/\/diantoreedquintet.com\/wp-content\/uploads\/2024\/03\/Beleidsplan.pdf\">\n\t\t\t\t\t\t<span class=\"elementor-button-content-wrapper\">\n\t\t\t\t\t\t\t\t\t<span class=\"elementor-button-text\">Pol\u00edtica (Beleidsplan)<\/span>\n\t\t\t\t\t<\/span>\n\t\t\t\t\t<\/a>\n\t\t\t\t<\/div>\n\t\t\t\t\t\t\t\t<\/div>\n\t\t\t\t<\/div>\n\t\t\t\t\t<\/div>\n\t\t<\/div>\n\t\t\t\t<div class=\"elementor-column elementor-col-25 elementor-inner-column elementor-element elementor-element-3134c7c\" data-id=\"3134c7c\" data-element_type=\"column\" data-e-type=\"column\">\n\t\t\t<div class=\"elementor-widget-wrap elementor-element-populated\">\n\t\t\t\t\t\t<div class=\"elementor-element elementor-element-238e777 elementor-align-center elementor-widget elementor-widget-button\" data-id=\"238e777\" data-element_type=\"widget\" data-e-type=\"widget\" data-widget_type=\"button.default\">\n\t\t\t\t<div class=\"elementor-widget-container\">\n\t\t\t\t\t\t\t\t\t<div class=\"elementor-button-wrapper\">\n\t\t\t\t\t<a class=\"elementor-button elementor-button-link elementor-size-xs elementor-animation-grow\" href=\"https:\/\/diantoreedquintet.com\/wp-content\/uploads\/2024\/03\/Doelstelling.pdf\">\n\t\t\t\t\t\t<span class=\"elementor-button-content-wrapper\">\n\t\t\t\t\t\t\t\t\t<span class=\"elementor-button-text\">Objetivo (Doelstelling)<\/span>\n\t\t\t\t\t<\/span>\n\t\t\t\t\t<\/a>\n\t\t\t\t<\/div>\n\t\t\t\t\t\t\t\t<\/div>\n\t\t\t\t<\/div>\n\t\t\t\t\t<\/div>\n\t\t<\/div>\n\t\t\t\t<div class=\"elementor-column elementor-col-25 elementor-inner-column elementor-element elementor-element-d21c9d8\" data-id=\"d21c9d8\" data-element_type=\"column\" data-e-type=\"column\">\n\t\t\t<div class=\"elementor-widget-wrap elementor-element-populated\">\n\t\t\t\t\t\t<div class=\"elementor-element elementor-element-e1aede2 elementor-align-center elementor-mobile-align-center elementor-widget elementor-widget-button\" data-id=\"e1aede2\" data-element_type=\"widget\" data-e-type=\"widget\" data-widget_type=\"button.default\">\n\t\t\t\t<div class=\"elementor-widget-container\">\n\t\t\t\t\t\t\t\t\t<div class=\"elementor-button-wrapper\">\n\t\t\t\t\t<a class=\"elementor-button elementor-button-link elementor-size-xs elementor-animation-grow\" href=\"https:\/\/diantoreedquintet.com\/wp-content\/uploads\/2024\/03\/Jaarrekening-2022.pdf\">\n\t\t\t\t\t\t<span class=\"elementor-button-content-wrapper\">\n\t\t\t\t\t\t\t\t\t<span class=\"elementor-button-text\">Estado financiero 2022<\/span>\n\t\t\t\t\t<\/span>\n\t\t\t\t\t<\/a>\n\t\t\t\t<\/div>\n\t\t\t\t\t\t\t\t<\/div>\n\t\t\t\t<\/div>\n\t\t\t\t\t<\/div>\n\t\t<\/div>\n\t\t\t\t<div class=\"elementor-column elementor-col-25 elementor-inner-column elementor-element elementor-element-bf8de4c\" data-id=\"bf8de4c\" data-element_type=\"column\" data-e-type=\"column\">\n\t\t\t<div class=\"elementor-widget-wrap elementor-element-populated\">\n\t\t\t\t\t\t<div class=\"elementor-element elementor-element-3417704 elementor-align-center elementor-mobile-align-center elementor-widget elementor-widget-button\" data-id=\"3417704\" data-element_type=\"widget\" data-e-type=\"widget\" data-widget_type=\"button.default\">\n\t\t\t\t<div class=\"elementor-widget-container\">\n\t\t\t\t\t\t\t\t\t<div class=\"elementor-button-wrapper\">\n\t\t\t\t\t<a class=\"elementor-button elementor-button-link elementor-size-xs elementor-animation-grow\" href=\"https:\/\/diantoreedquintet.com\/es\/Jaarrekening%202023.pdf\/\">\n\t\t\t\t\t\t<span class=\"elementor-button-content-wrapper\">\n\t\t\t\t\t\t\t\t\t<span class=\"elementor-button-text\">Estados financieros 2023<\/span>\n\t\t\t\t\t<\/span>\n\t\t\t\t\t<\/a>\n\t\t\t\t<\/div>\n\t\t\t\t\t\t\t\t<\/div>\n\t\t\t\t<\/div>\n\t\t\t\t\t<\/div>\n\t\t<\/div>\n\t\t\t\t\t<\/div>\n\t\t<\/section>\n\t\t\t\t<section class=\"elementor-section elementor-inner-section elementor-element elementor-element-01e645e elementor-section-boxed elementor-section-height-default elementor-section-height-default\" data-id=\"01e645e\" data-element_type=\"section\" data-e-type=\"section\" data-settings=\"{&quot;_ha_eqh_enable&quot;:false}\">\n\t\t\t\t\t\t<div class=\"elementor-container elementor-column-gap-default\">\n\t\t\t\t\t<div class=\"elementor-column elementor-col-50 elementor-inner-column elementor-element elementor-element-30d2a53\" data-id=\"30d2a53\" data-element_type=\"column\" data-e-type=\"column\">\n\t\t\t<div class=\"elementor-widget-wrap elementor-element-populated\">\n\t\t\t\t\t\t<div class=\"elementor-element elementor-element-5d55717 elementor-align-center elementor-widget elementor-widget-button\" data-id=\"5d55717\" data-element_type=\"widget\" data-e-type=\"widget\" data-widget_type=\"button.default\">\n\t\t\t\t<div class=\"elementor-widget-container\">\n\t\t\t\t\t\t\t\t\t<div class=\"elementor-button-wrapper\">\n\t\t\t\t\t<a class=\"elementor-button elementor-button-link elementor-size-xs elementor-animation-grow\" href=\"https:\/\/www.diantoreedquintet.com\/Jaarrekening_2024.pdf\">\n\t\t\t\t\t\t<span class=\"elementor-button-content-wrapper\">\n\t\t\t\t\t\t\t\t\t<span class=\"elementor-button-text\">Estados financieros 2024<\/span>\n\t\t\t\t\t<\/span>\n\t\t\t\t\t<\/a>\n\t\t\t\t<\/div>\n\t\t\t\t\t\t\t\t<\/div>\n\t\t\t\t<\/div>\n\t\t\t\t\t<\/div>\n\t\t<\/div>\n\t\t\t\t<div class=\"elementor-column elementor-col-50 elementor-inner-column elementor-element elementor-element-c68646f\" data-id=\"c68646f\" data-element_type=\"column\" data-e-type=\"column\">\n\t\t\t<div class=\"elementor-widget-wrap elementor-element-populated\">\n\t\t\t\t\t\t<div class=\"elementor-element elementor-element-23ab2bf elementor-align-center elementor-widget elementor-widget-button\" data-id=\"23ab2bf\" data-element_type=\"widget\" data-e-type=\"widget\" data-widget_type=\"button.default\">\n\t\t\t\t<div class=\"elementor-widget-container\">\n\t\t\t\t\t\t\t\t\t<div class=\"elementor-button-wrapper\">\n\t\t\t\t\t<a class=\"elementor-button elementor-button-link elementor-size-xs elementor-animation-grow\" href=\"https:\/\/www.diantoreedquintet.com\/Jaarverslag_2024.pdf\">\n\t\t\t\t\t\t<span class=\"elementor-button-content-wrapper\">\n\t\t\t\t\t\t\t\t\t<span class=\"elementor-button-text\">Informe anual 2024<\/span>\n\t\t\t\t\t<\/span>\n\t\t\t\t\t<\/a>\n\t\t\t\t<\/div>\n\t\t\t\t\t\t\t\t<\/div>\n\t\t\t\t<\/div>\n\t\t\t\t\t<\/div>\n\t\t<\/div>\n\t\t\t\t\t<\/div>\n\t\t<\/section>\n\t\t\t\t\t<\/div>\n\t\t<\/div>\n\t\t\t\t\t<\/div>\n\t\t<\/section>\n\t\t\t\t<\/div>","protected":false},"excerpt":{"rendered":"<p>Foundation Dianto Reed Quintet Foundation Dianto Reed Quintet has the status of cultural ANBI from January 1st 2023. We are Dianto Reed Quintet, a expressive and unique reed quintet that loves performing live and connecting with our audience. If you appreciate our musical creations and would like to support our ongoing journey to create, you [&hellip;]<\/p>\n","protected":false},"author":3,"featured_media":0,"parent":0,"menu_order":0,"comment_status":"closed","ping_status":"closed","template":"","meta":{"_monsterinsights_skip_tracking":false,"_monsterinsights_sitenote_active":false,"_monsterinsights_sitenote_note":"","_monsterinsights_sitenote_category":0,"site-sidebar-layout":"no-sidebar","site-content-layout":"page-builder","ast-site-content-layout":"full-width-container","site-content-style":"unboxed","site-sidebar-style":"unboxed","ast-global-header-display":"","ast-banner-title-visibility":"","ast-main-header-display":"","ast-hfb-above-header-display":"","ast-hfb-below-header-display":"","ast-hfb-mobile-header-display":"","site-post-title":"disabled","ast-breadcrumbs-content":"","ast-featured-img":"disabled","footer-sml-layout":"","theme-transparent-header-meta":"default","adv-header-id-meta":"","stick-header-meta":"","header-above-stick-meta":"","header-main-stick-meta":"","header-below-stick-meta":"","astra-migrate-meta-layouts":"set","ast-page-background-enabled":"default","ast-page-background-meta":{"desktop":{"background-color":"","background-image":"","background-repeat":"repeat","background-position":"center center","background-size":"auto","background-attachment":"scroll","background-type":"","background-media":"","overlay-type":"","overlay-color":"","overlay-gradient":""},"tablet":{"background-color":"","background-image":"","background-repeat":"repeat","background-position":"center center","background-size":"auto","background-attachment":"scroll","background-type":"","background-media":"","overlay-type":"","overlay-color":"","overlay-gradient":""},"mobile":{"background-color":"","background-image":"","background-repeat":"repeat","background-position":"center center","background-size":"auto","background-attachment":"scroll","background-type":"","background-media":"","overlay-type":"","overlay-color":"","overlay-gradient":""}},"ast-content-background-meta":{"desktop":{"background-color":"var(--ast-global-color-5)","background-image":"","background-repeat":"repeat","background-position":"center center","background-size":"auto","background-attachment":"scroll","background-type":"","background-media":"","overlay-type":"","overlay-color":"","overlay-gradient":""},"tablet":{"background-color":"var(--ast-global-color-5)","background-image":"","background-repeat":"repeat","background-position":"center center","background-size":"auto","background-attachment":"scroll","background-type":"","background-media":"","overlay-type":"","overlay-color":"","overlay-gradient":""},"mobile":{"background-color":"var(--ast-global-color-5)","background-image":"","background-repeat":"repeat","background-position":"center center","background-size":"auto","background-attachment":"scroll","background-type":"","background-media":"","overlay-type":"","overlay-color":"","overlay-gradient":""}},"footnotes":""},"class_list":["post-2047","page","type-page","status-publish","hentry"],"yoast_head":"<!-- This site is optimized with the Yoast SEO plugin v27.3 - https:\/\/yoast.com\/product\/yoast-seo-wordpress\/ -->\n<title>Organisation -<\/title>\n<meta name=\"robots\" content=\"noindex, follow\" \/>\n<meta property=\"og:locale\" content=\"es_ES\" \/>\n<meta property=\"og:type\" content=\"article\" \/>\n<meta property=\"og:title\" content=\"Organisation -\" \/>\n<meta property=\"og:description\" content=\"Foundation Dianto Reed Quintet Foundation Dianto Reed Quintet has the status of cultural ANBI from January 1st 2023. We are Dianto Reed Quintet, a expressive and unique reed quintet that loves performing live and connecting with our audience. If you appreciate our musical creations and would like to support our ongoing journey to create, you [&hellip;]\" \/>\n<meta property=\"og:url\" content=\"https:\/\/diantoreedquintet.com\/es\/organisatie\/\" \/>\n<meta property=\"article:modified_time\" content=\"2025-09-02T08:51:52+00:00\" \/>\n<meta name=\"twitter:card\" content=\"summary_large_image\" \/>\n<meta name=\"twitter:label1\" content=\"Tiempo de lectura\" \/>\n\t<meta name=\"twitter:data1\" content=\"1 minuto\" \/>\n<script type=\"application\/ld+json\" class=\"yoast-schema-graph\">{\"@context\":\"https:\\\/\\\/schema.org\",\"@graph\":[{\"@type\":\"WebPage\",\"@id\":\"https:\\\/\\\/diantoreedquintet.com\\\/organisatie\\\/\",\"url\":\"https:\\\/\\\/diantoreedquintet.com\\\/organisatie\\\/\",\"name\":\"Organisation -\",\"isPartOf\":{\"@id\":\"https:\\\/\\\/diantoreedquintet.com\\\/#website\"},\"datePublished\":\"2024-02-07T15:10:16+00:00\",\"dateModified\":\"2025-09-02T08:51:52+00:00\",\"breadcrumb\":{\"@id\":\"https:\\\/\\\/diantoreedquintet.com\\\/organisatie\\\/#breadcrumb\"},\"inLanguage\":\"es\",\"potentialAction\":[{\"@type\":\"ReadAction\",\"target\":[\"https:\\\/\\\/diantoreedquintet.com\\\/organisatie\\\/\"]}]},{\"@type\":\"BreadcrumbList\",\"@id\":\"https:\\\/\\\/diantoreedquintet.com\\\/organisatie\\\/#breadcrumb\",\"itemListElement\":[{\"@type\":\"ListItem\",\"position\":1,\"name\":\"Home\",\"item\":\"https:\\\/\\\/diantoreedquintet.com\\\/\"},{\"@type\":\"ListItem\",\"position\":2,\"name\":\"Organisation\"}]},{\"@type\":\"WebSite\",\"@id\":\"https:\\\/\\\/diantoreedquintet.com\\\/#website\",\"url\":\"https:\\\/\\\/diantoreedquintet.com\\\/\",\"name\":\"\",\"description\":\"Dianto Reed Quintet\",\"potentialAction\":[{\"@type\":\"SearchAction\",\"target\":{\"@type\":\"EntryPoint\",\"urlTemplate\":\"https:\\\/\\\/diantoreedquintet.com\\\/?s={search_term_string}\"},\"query-input\":{\"@type\":\"PropertyValueSpecification\",\"valueRequired\":true,\"valueName\":\"search_term_string\"}}],\"inLanguage\":\"es\"}]}<\/script>\n<!-- \/ Yoast SEO plugin. -->","yoast_head_json":{"title":"Organizaci\u00f3n -","robots":{"index":"noindex","follow":"follow"},"og_locale":"es_ES","og_type":"article","og_title":"Organisation -","og_description":"Foundation Dianto Reed Quintet Foundation Dianto Reed Quintet has the status of cultural ANBI from January 1st 2023. We are Dianto Reed Quintet, a expressive and unique reed quintet that loves performing live and connecting with our audience. If you appreciate our musical creations and would like to support our ongoing journey to create, you [&hellip;]","og_url":"https:\/\/diantoreedquintet.com\/es\/organisatie\/","article_modified_time":"2025-09-02T08:51:52+00:00","twitter_card":"summary_large_image","twitter_misc":{"Tiempo de lectura":"1 minuto"},"schema":{"@context":"https:\/\/schema.org","@graph":[{"@type":"WebPage","@id":"https:\/\/diantoreedquintet.com\/organisatie\/","url":"https:\/\/diantoreedquintet.com\/organisatie\/","name":"Organizaci\u00f3n -","isPartOf":{"@id":"https:\/\/diantoreedquintet.com\/#website"},"datePublished":"2024-02-07T15:10:16+00:00","dateModified":"2025-09-02T08:51:52+00:00","breadcrumb":{"@id":"https:\/\/diantoreedquintet.com\/organisatie\/#breadcrumb"},"inLanguage":"es","potentialAction":[{"@type":"ReadAction","target":["https:\/\/diantoreedquintet.com\/organisatie\/"]}]},{"@type":"BreadcrumbList","@id":"https:\/\/diantoreedquintet.com\/organisatie\/#breadcrumb","itemListElement":[{"@type":"ListItem","position":1,"name":"Home","item":"https:\/\/diantoreedquintet.com\/"},{"@type":"ListItem","position":2,"name":"Organisation"}]},{"@type":"WebSite","@id":"https:\/\/diantoreedquintet.com\/#website","url":"https:\/\/diantoreedquintet.com\/","name":"","description":"Dianto Reed Quintet","potentialAction":[{"@type":"SearchAction","target":{"@type":"EntryPoint","urlTemplate":"https:\/\/diantoreedquintet.com\/?s={search_term_string}"},"query-input":{"@type":"PropertyValueSpecification","valueRequired":true,"valueName":"search_term_string"}}],"inLanguage":"es"}]}},"_links":{"self":[{"href":"https:\/\/diantoreedquintet.com\/es\/wp-json\/wp\/v2\/pages\/2047","targetHints":{"allow":["GET"]}}],"collection":[{"href":"https:\/\/diantoreedquintet.com\/es\/wp-json\/wp\/v2\/pages"}],"about":[{"href":"https:\/\/diantoreedquintet.com\/es\/wp-json\/wp\/v2\/types\/page"}],"author":[{"embeddable":true,"href":"https:\/\/diantoreedquintet.com\/es\/wp-json\/wp\/v2\/users\/3"}],"replies":[{"embeddable":true,"href":"https:\/\/diantoreedquintet.com\/es\/wp-json\/wp\/v2\/comments?post=2047"}],"version-history":[{"count":5,"href":"https:\/\/diantoreedquintet.com\/es\/wp-json\/wp\/v2\/pages\/2047\/revisions"}],"predecessor-version":[{"id":5038,"href":"https:\/\/diantoreedquintet.com\/es\/wp-json\/wp\/v2\/pages\/2047\/revisions\/5038"}],"wp:attachment":[{"href":"https:\/\/diantoreedquintet.com\/es\/wp-json\/wp\/v2\/media?parent=2047"}],"curies":[{"name":"gracias","href":"https:\/\/api.w.org\/{rel}","templated":true}]}}